{"id":176,"date":"2022-05-23T19:34:08","date_gmt":"2022-05-23T17:34:08","guid":{"rendered":"https:\/\/cycleco.eu\/v3\/?page_id=176"},"modified":"2024-07-31T15:57:44","modified_gmt":"2024-07-31T13:57:44","slug":"mentions-legales","status":"publish","type":"page","link":"https:\/\/www.tools4env.com\/fr\/mentions-legales\/","title":{"rendered":"Mentions L\u00e9gales"},"content":{"rendered":"<p>[et_pb_section fb_built=&#8221;1&#8243; custom_padding_last_edited=&#8221;on|phone&#8221; _builder_version=&#8221;4.17.4&#8243; _module_preset=&#8221;default&#8221; custom_padding_tablet=&#8221;&#8221; custom_padding_phone=&#8221;0px||0px||false|false&#8221; global_colors_info=&#8221;{}&#8221;][et_pb_row _builder_version=&#8221;4.17.4&#8243; _module_preset=&#8221;default&#8221; width=&#8221;35%&#8221; width_tablet=&#8221;35%&#8221; width_phone=&#8221;80%&#8221; width_last_edited=&#8221;on|phone&#8221; global_colors_info=&#8221;{}&#8221;][et_pb_column type=&#8221;4_4&#8243; _builder_version=&#8221;4.17.4&#8243; _module_preset=&#8221;default&#8221; global_colors_info=&#8221;{}&#8221;][et_pb_text _builder_version=&#8221;4.17.4&#8243; _module_preset=&#8221;default&#8221; global_colors_info=&#8221;{}&#8221;]<\/p>\n<h2>Mentions l\u00e9gales<\/h2>\n<p>[\/et_pb_text][et_pb_text _builder_version=&#8221;4.17.4&#8243; _module_preset=&#8221;default&#8221; text_font_size_tablet=&#8221;&#8221; text_font_size_phone=&#8221;14px&#8221; text_font_size_last_edited=&#8221;on|phone&#8221; text_line_height_tablet=&#8221;&#8221; text_line_height_phone=&#8221;1.6em&#8221; text_line_height_last_edited=&#8221;on|phone&#8221; global_colors_info=&#8221;{}&#8221;]<\/p>\n<p><strong>Raison sociale :<\/strong> CYCLECO SAS<br \/>Soci\u00e9t\u00e9 par Actions Simplifi\u00e9es au capital de 20 000 euros<\/p>\n<p><strong>Directeur de publication et r\u00e9f\u00e9rent Donn\u00e9es personnelles (RGPD) :<\/strong> J\u00e9r\u00f4me Payet<\/p>\n<p><strong>Si\u00e8ge social :<\/strong><br \/>18 AV ROGER SALENGRO 01500 AMBERIEU-EN-BUGEY<\/p>\n<p><strong>N\u00b0 de SIRET :<\/strong> 51900181200030<br \/><strong>N\u00b0 de TVA intracommunautaire :<\/strong> FR54519001812<\/p>\n<p><strong>T\u00e9l\u00e9phone :<\/strong> 04 37 86 07 12<\/p>\n<p><strong>Email :<\/strong> info { @ } tools4env { . } com<\/p>\n<p>Le site tools4env.com est h\u00e9berg\u00e9 par la soci\u00e9t\u00e9 OVH SAS : 2 rue Kellermann \u2013 BP 80157 59053 ROUBAIX CEDEX 1<\/p>\n<p>[\/et_pb_text][\/et_pb_column][\/et_pb_row][\/et_pb_section]<\/p>","protected":false},"excerpt":{"rendered":"<p>Mentions l\u00e9galesRaison sociale : CYCLECO SASSoci\u00e9t\u00e9 par Actions Simplifi\u00e9es au capital de 20 000 euros Directeur de publication et r\u00e9f\u00e9rent Donn\u00e9es personnelles (RGPD) : J\u00e9r\u00f4me Payet Si\u00e8ge social :18 AV ROGER SALENGRO 01500 AMBERIEU-EN-BUGEY N\u00b0 de SIRET : 51900181200030N\u00b0 de TVA intracommunautaire : FR54519001812 T\u00e9l\u00e9phone : 04 37 86 07 12 Email : info { [&hellip;]<\/p>","protected":false},"author":1,"featured_media":0,"parent":0,"menu_order":0,"comment_status":"closed","ping_status":"closed","template":"","meta":{"_et_pb_use_builder":"on","_et_pb_old_content":"","_et_gb_content_width":"","footnotes":""},"class_list":["post-176","page","type-page","status-publish","hentry"],"_links":{"self":[{"href":"https:\/\/www.tools4env.com\/fr\/wp-json\/wp\/v2\/pages\/176","targetHints":{"allow":["GET"]}}],"collection":[{"href":"https:\/\/www.tools4env.com\/fr\/wp-json\/wp\/v2\/pages"}],"about":[{"href":"https:\/\/www.tools4env.com\/fr\/wp-json\/wp\/v2\/types\/page"}],"author":[{"embeddable":true,"href":"https:\/\/www.tools4env.com\/fr\/wp-json\/wp\/v2\/users\/1"}],"replies":[{"embeddable":true,"href":"https:\/\/www.tools4env.com\/fr\/wp-json\/wp\/v2\/comments?post=176"}],"version-history":[{"count":6,"href":"https:\/\/www.tools4env.com\/fr\/wp-json\/wp\/v2\/pages\/176\/revisions"}],"predecessor-version":[{"id":249,"href":"https:\/\/www.tools4env.com\/fr\/wp-json\/wp\/v2\/pages\/176\/revisions\/249"}],"wp:attachment":[{"href":"https:\/\/www.tools4env.com\/fr\/wp-json\/wp\/v2\/media?parent=176"}],"curies":[{"name":"wp","href":"https:\/\/api.w.org\/{rel}","templated":true}]}}